{"id":85,"date":"2022-02-14T17:53:37","date_gmt":"2022-02-14T17:53:37","guid":{"rendered":"http:\/\/pinochetismo.com\/?page_id=85"},"modified":"2024-02-02T20:05:21","modified_gmt":"2024-02-02T23:05:21","slug":"biografia","status":"publish","type":"page","link":"https:\/\/pinochetismo.com\/?page_id=85","title":{"rendered":"BIOGRAFIA"},"content":{"rendered":"\n<figure class=\"wp-block-image\"><img decoding=\"async\" src=\"https:\/\/www.fundacionpresidentepinochet.cl\/wp-content\/uploads\/2018\/09\/portada-biografia-augusto-pinochet.jpg\" alt=\"\"\/><\/figure>\n\n\n\n<p>Biograf\u00eda Augusto Pinochet<\/p>\n\n\n\n<h1 class=\"wp-block-heading\" id=\"biografia-augusto-pinochet\">Biograf\u00eda Augusto Pinochet<\/h1>\n\n\n\n<h5 class=\"wp-block-heading\" id=\"septiembre-19-2018\">Septiembre 19, 2018<\/h5>\n\n\n\n<p><strong>Augusto Pinochet Ugarte<\/strong>, naci\u00f3 en la ciudad de Valpara\u00edso, el 25 de noviembre de 1915, es hijo de Don Augusto Pinochet Vera y de do\u00f1a Avelina Ugarte Mart\u00ednez.<\/p>\n\n\n\n<p>Sus estudios primarios, los curso en Seminario San Rafael de Valpara\u00edso, luego en el Instituto de Quillota (Hermanos Maristas), y por \u00faltimo, en el Colegio de los Padres Franceses de Valpara\u00edso, para posteriormente, ingresara la Escuela Militar, en el a\u00f1o 1933.<\/p>\n\n\n\n<p><strong>En 1937<\/strong>, egresa de la Escuela Militar, con el grado de Alf\u00e9rez de Infanter\u00eda, siendo destinado a la Escuela de esa Arma, ubicada en la ciudad de San Bernardo. Posteriormente y en el mes de septiembre del mismo a\u00f1o, es destinado al Regimiento \u201cChacabuco\u201d, en la ciudad de Concepci\u00f3n. En el a\u00f1o 1939 y con el grado de Subteniente, es trasladado al Regimiento \u201cMaipo\u201d, Ubicado en la ciudad de Valpara\u00edso, retornando a la Escuela de Infanter\u00eda, en 1940.<\/p>\n\n\n\n<figure class=\"wp-block-image\"><img decoding=\"async\" src=\"https:\/\/www.fundacionpresidentepinochet.cl\/wp-content\/uploads\/2018\/09\/biografia-augusto-pinochet.jpg\" alt=\"Biograf\u00eda Augusto Pinochet\" class=\"wp-image-59\"\/><\/figure>\n\n\n\n<p><strong>En el a\u00f1o 1941<\/strong>, y junto con su ascenso al grado de Teniente, es destinado a la Escuela Militar.<\/p>\n\n\n\n<p><strong>En enero de 1943<\/strong>, contrae matrimonio con do\u00f1a Luc\u00eda Hiriart Rodr\u00edguez, con quien tuvo cinco hijos, tres mujeres y dos varones.<\/p>\n\n\n\n<p><strong>A fines del a\u00f1o 1945<\/strong>, es destinado al Regimiento \u201cCarampangue\u201d, en la ciudad de Iquique, para luego ingresar a la Academia de Guerra, en el a\u00f1o 1948.<\/p>\n\n\n\n<p><strong>En el a\u00f1o 1951<\/strong>, y despu\u00e9s de haber obtener el T\u00edtulo de Oficial de Estado Mayor, es trasladado a la Escuela Militar, donde se desempe\u00f1a como Profesor del Curso Militar. Al mismo tiempo, realiza clases en la Academia de Guerra, en las asignaturas de Geograf\u00eda Militar y Geopol\u00edtica, tambi\u00e9n ejerce como Director, de la revista institucional del Ej\u00e9rcito de Chile, denominada \u201cCien \u00c1guilas\u201d.<\/p>\n\n\n\n<p><strong>En el a\u00f1o 1953<\/strong>&nbsp;y con el grado de Mayor, es destinado al Regimiento \u201cRancagua\u201d, en la ciudad de Arica. Luego, es designado profesor en la Academia de Guerra, por lo que regresa a Santiago para retomar su labor docente.<\/p>\n\n\n\n<p><strong>A comienzos del a\u00f1o 1956<\/strong>&nbsp;es seleccionado, junto a un grupo de Oficiales, para conformar una Misi\u00f3n Militar que colaborar\u00eda en la organizaci\u00f3n de la Academia de Guerra del Ecuador, Permaneciendo en dicha Misi\u00f3n tres a\u00f1os y medio.<\/p>\n\n\n\n<figure class=\"wp-block-image\"><img decoding=\"async\" src=\"https:\/\/www.fundacionpresidentepinochet.cl\/wp-content\/uploads\/2018\/09\/general-presidente-augusto-pinochet.jpg\" alt=\"Gneral Augusto Pinochet\" class=\"wp-image-60\"\/><\/figure>\n\n\n\n<p><strong>A fines de 1959<\/strong>, regresa a Chile y es destinado al Cuartel General de la I Divisi\u00f3n de Ej\u00e9rcito, en la ciudad de Antofagasta. En 1960, es designado Comandante del Regimiento \u201cEsmeralda\u201d. Su gesti\u00f3n de mando, es reconocida siendo destinado en el a\u00f1o 1963, a la Academia de Guerra, con el cargo de Subdirector.<\/p>\n\n\n\n<p><strong>En el a\u00f1o 1968<\/strong>, es nombrado Jefe del Estado Mayor de la II Divisi\u00f3n de Ej\u00e9rcito, con asiento en la ciudad de Santiago. Posteriormente, asume como Comandante en Jefe de la VI Divisi\u00f3n de Ej\u00e9rcito, en la ciudad Iquique.<\/p>\n\n\n\n<p><strong>En enero de 1971<\/strong>, es ascendido al grado de General de Divisi\u00f3n, siendo nombrado Comandante General de la Guarnici\u00f3n de Ej\u00e9rcito de la ciudad de Santiago. A principios de 1972, es nombrado Jefe del Estado Mayor General del Ej\u00e9rcito y el 23 de agosto de 1973, es nombrado Comandante en Jefe del Ej\u00e9rcito.<\/p>\n\n\n\n<p><strong>El 11 de septiembre de 1973<\/strong>, luego del pronunciamiento militar, Preside la Junta de Gobierno y en el a\u00f1o 1980, ya en su calidad de Presidente de la Rep\u00fablica, somete a plebiscito, la nueva carta fundamental de la Rep\u00fablica de Chile, (constituci\u00f3n) la cual, fue aprobada, por amplia mayor\u00eda.<\/p>\n\n\n\n<p><strong>En septiembre del a\u00f1o 1986<\/strong>, el Presidente Augusto Pinochet sufre un atentado terrorista, en el sector de Achupallas, Caj\u00f3n del Maipo, del que salva con vida, pero fallecen cinco de sus escoltas de seguridad y nueve resultan gravemente heridos.<\/p>\n\n\n\n<p>En el a\u00f1o 1988, y seg\u00fan lo establecido en la constituci\u00f3n de la Rep\u00fablica, se llama a elecciones Presidenciales para el a\u00f1o 1989, las que se realizan de manera ejemplar, entregado la Presidencia de la rep\u00fablica a Don Patricio Aylwin Azocar, en marzo de 1990.<\/p>\n\n\n\n<figure class=\"wp-block-image\"><img decoding=\"async\" src=\"https:\/\/www.fundacionpresidentepinochet.cl\/wp-content\/uploads\/2018\/09\/augusto-pinochet-y-su-esposa.jpg\" alt=\"Augusto Pinochet y su mujer\" class=\"wp-image-61\"\/><\/figure>\n\n\n\n<p><strong>El 11 de Marzo de 1990<\/strong>, asume sus funciones de Comandante en Jefe del Ej\u00e9rcito, hasta el d\u00eda 10 de marzo de 1998, haciendo entrega del mando del Ej\u00e9rcito, al Teniente General Ricardo Izurieta Caffarena.<\/p>\n\n\n\n<p><strong>El 11 de Marzo de 1998<\/strong>, asume como Senador de la Rep\u00fablica, en su calidad de Ex Presidente, de acuerdo a lo prescrito por la Constituci\u00f3n de 1980.<\/p>\n\n\n\n<p>El Presidente Pinochet,<strong>&nbsp;fallece el 10 de Diciembre de 2006<\/strong>, realiz\u00e1ndose sus Funerales en la Escuela Militar, con la asistencia de m\u00e1s de 150.000 personas.<\/p>\n\n\n\n<p><\/p>\n\n\n\n<p>Fuente Biograf\u00eda : Fundaci\u00f3n Presidente Pinochet<\/p>\n","protected":false},"excerpt":{"rendered":"<p>Biograf\u00eda Augusto Pinochet Biograf\u00eda Augusto Pinochet Septiembre 19, 2018 Augusto Pinochet Ugarte, naci\u00f3 en la ciudad de Valpara\u00edso, el 25 de noviembre de 1915, es hijo de Don Augusto Pinochet Vera y de do\u00f1a Avelina Ugarte Mart\u00ednez. Sus estudios primarios, los curso en Seminario San Rafael de Valpara\u00edso, luego en el Instituto de Quillota (Hermanos [&hellip;]<\/p>\n","protected":false},"author":1,"featured_media":12,"parent":0,"menu_order":0,"comment_status":"closed","ping_status":"closed","template":"","meta":{"footnotes":""},"class_list":["post-85","page","type-page","status-publish","has-post-thumbnail","hentry"],"_links":{"self":[{"href":"https:\/\/pinochetismo.com\/index.php?rest_route=\/wp\/v2\/pages\/85"}],"collection":[{"href":"https:\/\/pinochetismo.com\/index.php?rest_route=\/wp\/v2\/pages"}],"about":[{"href":"https:\/\/pinochetismo.com\/index.php?rest_route=\/wp\/v2\/types\/page"}],"author":[{"embeddable":true,"href":"https:\/\/pinochetismo.com\/index.php?rest_route=\/wp\/v2\/users\/1"}],"replies":[{"embeddable":true,"href":"https:\/\/pinochetismo.com\/index.php?rest_route=%2Fwp%2Fv2%2Fcomments&post=85"}],"version-history":[{"count":3,"href":"https:\/\/pinochetismo.com\/index.php?rest_route=\/wp\/v2\/pages\/85\/revisions"}],"predecessor-version":[{"id":97,"href":"https:\/\/pinochetismo.com\/index.php?rest_route=\/wp\/v2\/pages\/85\/revisions\/97"}],"wp:featuredmedia":[{"embeddable":true,"href":"https:\/\/pinochetismo.com\/index.php?rest_route=\/wp\/v2\/media\/12"}],"wp:attachment":[{"href":"https:\/\/pinochetismo.com\/index.php?rest_route=%2Fwp%2Fv2%2Fmedia&parent=85"}],"curies":[{"name":"wp","href":"https:\/\/api.w.org\/{rel}","templated":true}]}}