{"id":48,"date":"2022-02-14T17:45:43","date_gmt":"2022-02-14T17:45:43","guid":{"rendered":"http:\/\/pinochetismo.com\/?page_id=48"},"modified":"2024-02-02T20:05:21","modified_gmt":"2024-02-02T23:05:21","slug":"frases-celebres","status":"publish","type":"page","link":"https:\/\/pinochetismo.com\/?page_id=48","title":{"rendered":"FRASES"},"content":{"rendered":"\n<p><\/p>\n\n\n\n<p>Algunas de sus frases.<\/p>\n\n\n\n<p><\/p>\n\n\n\n<p>1) \u201cSoy cat\u00f3lico, apost\u00f3lico y romano, pero no ingenuo\u201d.<\/p>\n\n\n\n<p>2) \u201cEn este pa\u00eds no se mueve una hoja sin que yo lo sepa, eso que quede claro\u201d.<\/p>\n\n\n\n<p>3) \u201cEsto no ha sido nunca una dictadura. Ha sido una dictablanda\u201d<\/p>\n\n\n\n<p>4) \u201cSoy el general de los pobres\u201d.<\/p>\n\n\n\n<p>5) \u201cYo no conozco eso de los derechos humanos \u00bfQu\u00e9 es eso?\u201d.<\/p>\n\n\n\n<p>6) \u201cCuando deje la presidencia, me ir\u00e9 con lo que llegu\u00e9, incluso m\u00e1s pobre\u201d.<\/p>\n\n\n\n<p>7) \u201cLos derechos humanos son una invenci\u00f3n, muy sabia, de los marxistas\u201d.<\/p>\n\n\n\n<p>8) \u201cHay que cuidar a los ricos para que den m\u00e1s\u201d.<\/p>\n\n\n\n<p>9) \u201cLa mentira se descubre por los ojos y yo muchas veces ment\u00eda, por eso usaba anteojos oscuros\u201d.<\/p>\n\n\n\n<p>10) \u201cPluralismo: \u00bfSabe c\u00f3mo llamo yo a eso? Beater\u00eda pol\u00edtica\u201d.<\/p>\n\n\n\n<p>11) \u201cDe cada diez chilenos, uno tendr\u00e1 autom\u00f3vil, de cada cinco, uno tendr\u00e1 televisor y de cada siete, uno tendr\u00e1 tel\u00e9fono\u201d.<\/p>\n\n\n\n<p>12) \u201cYo obtengo mi fuerza de Dios\u201d<\/p>\n\n\n\n<p>13) \u201cNo me acuerdo, pero no es cierto. No es cierto, y si fuera cierto, no me acuerdo\u201d (refiri\u00e9ndose a la pregunta de si, como como Presidente de la Rep\u00fablica, era jefe directo de la DINA, el temido organismo de seguridad del r\u00e9gimen Militar).<\/p>\n\n\n\n<p>14) \u201cMe considero un \u00e1ngel. Reflexionando y meditando, soy bueno. No tengo resentimientos, tengo bondad. No me considero un dictador, sino un \u00e1ngel patri\u00f3tico que no tiene que pedir perd\u00f3n a nadie.\u201d<\/p>\n\n\n\n<p>15) \u201cYo no amenazo, no acostumbro amenazar. S\u00f3lo advierto una vez. El d\u00eda que me toquen a alguno de mis hombres se acab\u00f3 el estado de derecho\u201d.<\/p>\n\n\n\n<p>16) \u201cYo los estoy viendo desde arriba porque Dios me puso ah\u00ed; la providencia, el destino, como quieran llamarlo, me ha puesto ah\u00ed\u201d.<\/p>\n\n\n\n<p>17) \u201cPero, \u00a1qu\u00e9 econom\u00eda m\u00e1s grande!\u201d (cuando le informaron que se hab\u00edan descubierto sepulturas con dos o tres cad\u00e1veres de detenidos pol\u00edticos en cada una, en Pisagua y el Patio 29 del Cementerio General).<\/p>\n\n\n\n<p>18) \u201cSoy la voz de los d\u00e9biles. De los que no tienen voz\u201d.<\/p>\n\n\n\n<p>19) \u201cTengo la cara agria, por eso tal vez dicen que soy un dictador\u201d.<\/p>\n\n\n\n<p>20) \u201cSiempre he dicho que esto debe terminar, dar vuelta la hoja y seguir adelante\u201d (refiri\u00e9ndose a los detenidos desaparecidos).<\/p>\n\n\n\n<p>21) \u201c\u00bfA qui\u00e9n le vamos a pedir perd\u00f3n? \u00bfA los que trataron de matarnos? \u00bfA los que trataron de liquidar a la patria? \u00bfPedir perd\u00f3n? Que lo pidan ellos\u201d.<\/p>\n\n\n\n<p>22) \u201cHoy tenemos un Ej\u00e9rcito alem\u00e1n integrado por marihuaneros, drogadictos, melenudos, homosexuales y sindicalistas\u201d.<\/p>\n\n\n\n<p>23) \u201cLos estudiantes van a la Universidad a estudiar, no a pensar\u2026 y si a\u00fan les quedan energ\u00edas, para eso est\u00e1 el deporte\u201d.<\/p>\n\n\n\n<p>24) \u201cEntre asegurar los derechos de unos 10.000 disociados o garantizar los de diez millones, no tuvimos duda\u201d.<\/p>\n\n\n\n<p>25) \u201cDos mil no es nada\u201d (comparando la cifra de desaparecidos con los 14 millones de habitantes del pa\u00eds).<\/p>\n\n\n\n<p>26) \u201cEl di\u00e1logo es un juego que tienen los comunistas. A m\u00ed no me interesa\u201d.<\/p>\n\n\n\n<p>27) \u201cCon los a\u00f1os, me van a estar pidiendo que vuelva el gobierno militar\u201d.<\/p>\n\n\n\n<p>28) \u201cEstoy ac\u00e1 porque mi pueblo me pide que me quede. Avance, me dicen, por favor no nos abandone\u201d.<\/p>\n\n\n\n<p>29) \u201cPr\u00e1cticamente limpiamos de marxistas la naci\u00f3n\u201d.<\/p>\n\n\n\n<p>30) \u201cLa \u00fanica soluci\u00f3n para el problema de los derechos humanos es el olvido\u201d.<\/p>\n\n\n\n<p>31) \u201cRoma cortaba las cabezas de los cristianos y \u00e9stos reaparec\u00edan una y otra vez. Es algo parecido lo que pasa con los marxistas\u201d.<\/p>\n\n\n\n<p>32) \u201cSi hubiera sido un sido dictador, jam\u00e1s habr\u00eda entregado el poder y todav\u00eda estar\u00eda gobernando\u201d.<\/p>\n\n\n\n<p>33) \u201cHay muchos que quieren que me muera, pero no estoy ni siquiera resfriado\u201d.<\/p>\n\n\n\n<p>34) \u201cNo le tengo miedo a nadie\u201d.<\/p>\n\n\n\n<p>35) \u201cNaci\u00f3n es tratar de hacer de Chile un pa\u00eds de propietarios y no de proletarios\u201d.<\/p>\n\n\n\n<p>36) \u201cEl pa\u00eds est\u00e1 tranquilo, porque disponemos de un buen servicio de inteligencia\u201d.<\/p>\n\n\n\n<p>37) \u201cMe entristece, por ejemplo, no poder salir con mi nieto de la mano a dar un paseo\u201d.<\/p>\n\n\n\n<p>38) \u201cUstedes sabr\u00e1n que el pueblo oraba por su salvaci\u00f3n y hoy se siente libre\u201d.<\/p>\n\n\n\n<p>39) \u201cLa opci\u00f3n S\u00ed es para que siga y la Opci\u00f3n No es para que no me vaya\u201d (refiri\u00e9ndose al plebiscito de 1988, que le ser\u00eda adverso, donde los votantes, al votar por la opci\u00f3n \u201cS\u00ed\u201d y la opci\u00f3n \u201cNo\u201d, deb\u00edan decidir sobre si continuaba o no al mando de la naci\u00f3n).<\/p>\n\n\n\n<p>40) \u201cCreo que ning\u00fan suceso pol\u00edtico, desde el nacimiento de Chile a la vida independiente, tendr\u00e1 tanta trascendencia como el 11 de septiembre de 1973\u2033.<\/p>\n\n\n\n<p>41) \u201cGracias a Dios, creo que tengo los pantalones amarrados con fierro\u201d.<\/p>\n\n\n\n<p>42) \u201cSoy democr\u00e1tico, pero a mi manera\u201d.<\/p>\n\n\n\n<p>43) \u201cEl demonio es manejado por Mosc\u00fa\u201d.<\/p>\n\n\n\n<p>44) \u201cEn los or\u00edgenes de la religi\u00f3n cat\u00f3lica estuvieron San Pedro y San Pablo. Estos dos caballeros se pelearon seis a\u00f1os y casi llegaron a las trompadas. Ahora, si esos santos varones no pudieron ponerse de acuerdo, calcule para nosotros\u201d.<\/p>\n\n\n\n<p>45) \u201cFidel Castro es un hombre de mucho carisma. Un valiente, un pol\u00edtico \u2026con una manita de hierro. Lo mantiene la fuerza. Fusil\u00f3 hasta a su amigo \u00edntimo. Yo le habr\u00eda dado cadena perpetua o expulsado del pa\u00eds, pero \u00e9l lo fusil\u00f3\u201d.<\/p>\n\n\n\n<p>46) \u201cNo estuvo bajo ninguna bala\u2026 nosotros s\u00ed\u201d. (hablando de Mart\u00edn Balza, ex jefe de las Fuerzas Armadas argentinas, el primer militar de ese pa\u00eds en reconocer institucionalmente las atrocidades cometidas durante la dictadura que gobern\u00f3 Argentina entre 1976 y 1983).<\/p>\n\n\n\n<p>47) \u201cSon los principios leninistas, envasados en otro papel\u201d (hablando sobre la Perestroika).<\/p>\n\n\n\n<p>48) \u201cGracias, Patria M\u00eda, he sido tu soldado y ello me hace feliz\u201d.<\/p>\n\n\n\n<p>49) \u201cCerca del final de mis d\u00edas quiero manifestar que no guardo rencor a nadie, que amo a mi patria por encima de todo y que asumo la responsabilidad pol\u00edtica de todo lo obrado\u201d.<\/p>\n\n\n\n<p>50) \u201cMe ir\u00e9 al cielo. \u00bfD\u00f3nde habr\u00eda ido, seg\u00fan usted? \u00bfAl infierno? No, est\u00e9 tranquilo, ir\u00e9 al cielo\u201d.<\/p>\n\n\n\n<p><\/p>\n\n\n\n<p>Fuentes:<\/p>\n\n\n\n<p><a href=\"https:\/\/www.guioteca.com\/los-80\/las-50-frases-mas-controvertidas-y-polemicas-del-general-augusto-pinochet\/\">https:\/\/www.guioteca.com\/los-80\/las-50-frases-mas-controvertidas-y-polemicas-del-general-augusto-pinochet\/<\/a><\/p>\n\n\n\n<p><\/p>\n","protected":false},"excerpt":{"rendered":"<p>Algunas de sus frases. 1) \u201cSoy cat\u00f3lico, apost\u00f3lico y romano, pero no ingenuo\u201d. 2) \u201cEn este pa\u00eds no se mueve una hoja sin que yo lo sepa, eso que quede claro\u201d. 3) \u201cEsto no ha sido nunca una dictadura. Ha sido una dictablanda\u201d 4) \u201cSoy el general de los pobres\u201d. 5) \u201cYo no conozco eso [&hellip;]<\/p>\n","protected":false},"author":1,"featured_media":12,"parent":0,"menu_order":0,"comment_status":"closed","ping_status":"closed","template":"","meta":{"footnotes":""},"class_list":["post-48","page","type-page","status-publish","has-post-thumbnail","hentry"],"_links":{"self":[{"href":"https:\/\/pinochetismo.com\/index.php?rest_route=\/wp\/v2\/pages\/48"}],"collection":[{"href":"https:\/\/pinochetismo.com\/index.php?rest_route=\/wp\/v2\/pages"}],"about":[{"href":"https:\/\/pinochetismo.com\/index.php?rest_route=\/wp\/v2\/types\/page"}],"author":[{"embeddable":true,"href":"https:\/\/pinochetismo.com\/index.php?rest_route=\/wp\/v2\/users\/1"}],"replies":[{"embeddable":true,"href":"https:\/\/pinochetismo.com\/index.php?rest_route=%2Fwp%2Fv2%2Fcomments&post=48"}],"version-history":[{"count":3,"href":"https:\/\/pinochetismo.com\/index.php?rest_route=\/wp\/v2\/pages\/48\/revisions"}],"predecessor-version":[{"id":100,"href":"https:\/\/pinochetismo.com\/index.php?rest_route=\/wp\/v2\/pages\/48\/revisions\/100"}],"wp:featuredmedia":[{"embeddable":true,"href":"https:\/\/pinochetismo.com\/index.php?rest_route=\/wp\/v2\/media\/12"}],"wp:attachment":[{"href":"https:\/\/pinochetismo.com\/index.php?rest_route=%2Fwp%2Fv2%2Fmedia&parent=48"}],"curies":[{"name":"wp","href":"https:\/\/api.w.org\/{rel}","templated":true}]}}